{"id":7,"date":"2025-05-31T11:41:35","date_gmt":"2025-05-31T11:41:35","guid":{"rendered":"http:\/\/tgasai.pl\/?page_id=7"},"modified":"2025-05-31T14:09:12","modified_gmt":"2025-05-31T14:09:12","slug":"strona-glowna","status":"publish","type":"page","link":"https:\/\/tgasai.pl\/","title":{"rendered":"Strona g\u0142\u00f3wna"},"content":{"rendered":"\n<div class=\"wp-block-cover alignfull\" style=\"min-height:800px;aspect-ratio:unset;\"><img decoding=\"async\" class=\"wp-block-cover__image-background\" alt=\"\" src=\"http:\/\/tgasai.pl\/wp-content\/themes\/neve\/assets\/img\/starter-content\/neve-hero-2.png\" style=\"object-position:50% 72%\" data-object-fit=\"cover\" data-object-position=\"50% 72%\"\/><span aria-hidden=\"true\" class=\"wp-block-cover__background has-background-dim-0 has-background-dim\"><\/span><div class=\"wp-block-cover__inner-container is-layout-flow wp-block-cover-is-layout-flow\">\n<div class=\"wp-block-columns are-vertically-aligned-center is-layout-flex wp-container-core-columns-is-layout-9d6595d7 wp-block-columns-is-layout-flex\">\n<div class=\"wp-block-column is-vertically-aligned-center is-layout-flow wp-block-column-is-layout-flow\" style=\"padding-right:var(--wp--preset--spacing--20);padding-left:var(--wp--preset--spacing--20);flex-basis:65%\">\n<div style=\"height:80px\" aria-hidden=\"true\" class=\"wp-block-spacer\"><\/div>\n\n\n\n<h1 class=\"wp-block-heading has-text-align-left has-nv-text-dark-bg-color has-text-color\">Ekspert w dziedzinie monitoringu alarmowego <\/h1>\n\n\n\n<p class=\"has-text-align-left has-nv-text-dark-bg-color has-text-color\" style=\"font-size:17px\"><strong>oraz alarmowego monitoringu wizyjnego<\/strong><\/p>\n\n\n\n<div class=\"wp-block-buttons is-horizontal is-content-justification-left is-layout-flex wp-container-core-buttons-is-layout-7e5fce0a wp-block-buttons-is-layout-flex\">\n<div class=\"wp-block-button is-style-primary\"><a class=\"wp-block-button__link has-text-color has-background has-link-color wp-element-button\" href=\"http:\/\/tgasai.pl\/?page_id=9\" style=\"color:#0a2279;background-color:#ffffff\">kONTAKT<\/a><\/div>\n\n\n\n<div class=\"wp-block-button is-style-secondary\"><a class=\"wp-block-button__link has-nv-text-dark-bg-color has-text-color has-link-color wp-element-button\" href=\"http:\/\/tgasai.pl\/?page_id=60\">OG\u0141OSZENIA SP\u00d3\u0141KI<\/a><\/div>\n<\/div>\n\n\n\n<div style=\"height:100px\" aria-hidden=\"true\" class=\"wp-block-spacer\"><\/div>\n<\/div>\n\n\n\n<div class=\"wp-block-column is-vertically-aligned-center is-layout-flow wp-block-column-is-layout-flow\">\n<figure class=\"wp-block-image size-full\"><img loading=\"lazy\" decoding=\"async\" width=\"2560\" height=\"2560\" src=\"http:\/\/tgasai.pl\/wp-content\/uploads\/2025\/05\/1-Thief-got-Caught-on-CCTV-scaled.png\" alt=\"\" class=\"wp-image-32\" srcset=\"https:\/\/tgasai.pl\/wp-content\/uploads\/2025\/05\/1-Thief-got-Caught-on-CCTV-scaled.png 2560w, https:\/\/tgasai.pl\/wp-content\/uploads\/2025\/05\/1-Thief-got-Caught-on-CCTV-300x300.png 300w, https:\/\/tgasai.pl\/wp-content\/uploads\/2025\/05\/1-Thief-got-Caught-on-CCTV-1024x1024.png 1024w, https:\/\/tgasai.pl\/wp-content\/uploads\/2025\/05\/1-Thief-got-Caught-on-CCTV-150x150.png 150w, https:\/\/tgasai.pl\/wp-content\/uploads\/2025\/05\/1-Thief-got-Caught-on-CCTV-768x768.png 768w, https:\/\/tgasai.pl\/wp-content\/uploads\/2025\/05\/1-Thief-got-Caught-on-CCTV-1536x1536.png 1536w, https:\/\/tgasai.pl\/wp-content\/uploads\/2025\/05\/1-Thief-got-Caught-on-CCTV-2048x2048.png 2048w\" sizes=\"auto, (max-width: 2560px) 100vw, 2560px\" \/><\/figure>\n<\/div>\n<\/div>\n<\/div><\/div>\n\n\n\n<div class=\"wp-block-media-text alignfull has-media-on-the-right is-stacked-on-mobile is-vertically-aligned-center is-style-default\" style=\"grid-template-columns:auto 56%\"><div class=\"wp-block-media-text__content\">\n<h2 class=\"wp-block-heading has-text-color\" style=\"color:#000000\"><strong>O nas<\/strong><\/h2>\n\n\n\n<p class=\"has-text-color\" style=\"color:#636363;font-size:17px;line-height:1.1\">Sp\u00f3\u0142ka oferuje podmiotom gospodarczym monta\u017c kamer i telewizji przemys\u0142owej oraz instalacj\u0119 profesjonalnych system\u00f3w alarmowych pod\u0142\u0105czonych do monitoringu dowolnego obiektu lub domu. Takie dzia\u0142anie w znacz\u0105cy spos\u00f3b podnosi poziom zabezpieczenia przed w\u0142amaniem, napadem lub np. po\u017carem. Monitoring CCTV jest skuteczn\u0105 i relatywnie najta\u0144sz\u0105 form\u0105 ochrony firmy, os\u00f3b i mienia.<br>Sp\u00f3\u0142ka oferuje podmiotom gospodarczym wizyjny monitoring alarmowy. Wizyjny monitoring alarmowy to sta\u0142y zdalny odbi\u00f3r obrazu z obiektu klienta. Odbywa si\u0119 w spos\u00f3b ci\u0105g\u0142y i ca\u0142odobowy lub w ustalonych pomi\u0119dzy stronami godzinach. Prowadzony w spos\u00f3b systematyczny w przestrzeni znajduj\u0105cej si\u0119 w polu widzenia kamer zainstalowanych w okre\u015blonych punktach na obszarze monitorowanym lub w jego pobli\u017cu. System wizyjnego monitoringu alarmowego obs\u0142ugiwany przez Sp\u00f3\u0142k\u0119 cechuje si\u0119 najwy\u017cszym na rynku poziomem jako\u015bci dzi\u0119ki markowemu sprz\u0119towi i wyspecjalizowanej analityce obrazu. Monitoring odbywa si\u0119 w czasie rzeczywistym w oparciu o systemy firmy Bosch, Kronos oraz Ganz.<\/p>\n\n\n\n<p><\/p>\n<\/div><figure class=\"wp-block-media-text__media\"><img loading=\"lazy\" decoding=\"async\" width=\"1024\" height=\"576\" src=\"http:\/\/tgasai.pl\/wp-content\/uploads\/2025\/05\/camera_1-1024x576.jpg\" alt=\"\" class=\"wp-image-36 size-full\" srcset=\"https:\/\/tgasai.pl\/wp-content\/uploads\/2025\/05\/camera_1-1024x576.jpg 1024w, https:\/\/tgasai.pl\/wp-content\/uploads\/2025\/05\/camera_1-300x169.jpg 300w, https:\/\/tgasai.pl\/wp-content\/uploads\/2025\/05\/camera_1-768x432.jpg 768w, https:\/\/tgasai.pl\/wp-content\/uploads\/2025\/05\/camera_1-1536x864.jpg 1536w, https:\/\/tgasai.pl\/wp-content\/uploads\/2025\/05\/camera_1-2048x1152.jpg 2048w\" sizes=\"auto, (max-width: 1024px) 100vw, 1024px\" \/><\/figure><\/div>\n\n\n\n<div class=\"wp-block-cover alignfull\" style=\"min-height:300px;aspect-ratio:unset;\"><img loading=\"lazy\" decoding=\"async\" width=\"1024\" height=\"798\" class=\"wp-block-cover__image-background wp-image-38 size-large\" alt=\"\" src=\"http:\/\/tgasai.pl\/wp-content\/uploads\/2025\/05\/CCTV-Room-1-1024x798.png\" data-object-fit=\"cover\" srcset=\"https:\/\/tgasai.pl\/wp-content\/uploads\/2025\/05\/CCTV-Room-1-1024x798.png 1024w, https:\/\/tgasai.pl\/wp-content\/uploads\/2025\/05\/CCTV-Room-1-300x234.png 300w, https:\/\/tgasai.pl\/wp-content\/uploads\/2025\/05\/CCTV-Room-1-768x599.png 768w, https:\/\/tgasai.pl\/wp-content\/uploads\/2025\/05\/CCTV-Room-1-1536x1198.png 1536w, https:\/\/tgasai.pl\/wp-content\/uploads\/2025\/05\/CCTV-Room-1-2048x1597.png 2048w\" sizes=\"auto, (max-width: 1024px) 100vw, 1024px\" \/><span aria-hidden=\"true\" class=\"wp-block-cover__background has-neve-link-color-background-color has-background-dim\"><\/span><div class=\"wp-block-cover__inner-container is-layout-flow wp-block-cover-is-layout-flow\">\n<div style=\"height:140px\" aria-hidden=\"true\" class=\"wp-block-spacer\"><\/div>\n\n\n\n<div class=\"wp-block-columns is-layout-flex wp-container-core-columns-is-layout-9d6595d7 wp-block-columns-is-layout-flex\">\n<div class=\"wp-block-column is-layout-flow wp-block-column-is-layout-flow\" style=\"flex-basis:20%\"><\/div>\n\n\n\n<div class=\"wp-block-column is-layout-flow wp-block-column-is-layout-flow\" style=\"flex-basis:60%\">\n<div class=\"wp-block-group\"><div class=\"wp-block-group__inner-container is-layout-constrained wp-block-group-is-layout-constrained\">\n<h2 class=\"wp-block-heading has-text-align-center has-nv-text-dark-bg-color has-text-color\"><mark style=\"background-color:rgba(0, 0, 0, 0)\" class=\"has-inline-color has-nv-text-dark-bg-color\">Jak to dzia\u0142a ?<\/mark><\/h2>\n\n\n\n<p class=\"has-text-align-center has-nv-text-dark-bg-color has-text-color has-link-color wp-elements-2584f7be57d0ec1cc6e0809c339db668\">Ka\u017cde zdarzenie na obiekcie dzi\u0119ki zaprogramowaniu systemu jest wywo\u0142ywane w formie alarmu wizyjnego i obs\u0142ugiwane przez dyspozytora. W przypadku wykrycia zdarzenia alarmowego (w\u0142amania, kradzie\u017cy, po\u017caru, zalania itp.) podejmowana jest natychmiastowa interwencja dyspozytora. System wizyjnego monitoringu alarmowego spe\u0142nia swoj\u0105 rol\u0119 w szczeg\u00f3lno\u015bci zar\u00f3wno na placach bud\u00f3w jak i wsp\u00f3lnotach mieszkaniowych czy fabrykach, magazynach i budynkach u\u017cyteczno\u015bci publicznej. Rozwi\u0105zanie to jest odpowiedzi\u0105 na znaczny wzrost koszt\u00f3w us\u0142ug ochrony fizycznej w ostatnich latach bez obni\u017cenia jako\u015bci ochrony danego obszaru.<\/p>\n\n\n\n<div class=\"wp-block-buttons is-horizontal is-content-justification-center is-layout-flex wp-container-core-buttons-is-layout-499968f5 wp-block-buttons-is-layout-flex\">\n<div class=\"wp-block-button is-style-primary\"><a class=\"wp-block-button__link has-neve-link-color-color has-text-color has-background has-link-color wp-element-button\" href=\"http:\/\/tgasai.pl\/?page_id=9\" style=\"background-color:#ffffff\">Kontakt <\/a><\/div>\n<\/div>\n<\/div><\/div>\n<\/div>\n\n\n\n<div class=\"wp-block-column is-layout-flow wp-block-column-is-layout-flow\" style=\"flex-basis:20%\"><\/div>\n<\/div>\n\n\n\n<div style=\"height:140px\" aria-hidden=\"true\" class=\"wp-block-spacer\"><\/div>\n<\/div><\/div>\n\n\n\n<p><\/p>\n","protected":false},"excerpt":{"rendered":"<p>O nas Sp\u00f3\u0142ka oferuje podmiotom gospodarczym monta\u017c kamer i telewizji przemys\u0142owej oraz instalacj\u0119 profesjonalnych system\u00f3w alarmowych pod\u0142\u0105czonych do monitoringu dowolnego obiektu lub domu. Takie dzia\u0142anie w znacz\u0105cy spos\u00f3b podnosi poziom zabezpieczenia przed w\u0142amaniem, napadem lub np. po\u017carem. Monitoring CCTV jest skuteczn\u0105 i relatywnie najta\u0144sz\u0105 form\u0105 ochrony firmy, os\u00f3b i mienia.Sp\u00f3\u0142ka oferuje podmiotom gospodarczym wizyjny monitoring&hellip;&nbsp;<a href=\"https:\/\/tgasai.pl\/\" rel=\"bookmark\"><span class=\"screen-reader-text\">Strona g\u0142\u00f3wna<\/span><\/a><\/p>\n","protected":false},"author":1,"featured_media":0,"parent":0,"menu_order":0,"comment_status":"closed","ping_status":"closed","template":"","meta":{"neve_meta_sidebar":"","neve_meta_container":"","neve_meta_enable_content_width":"on","neve_meta_content_width":100,"neve_meta_title_alignment":"","neve_meta_author_avatar":"","neve_post_elements_order":"","neve_meta_disable_header":"","neve_meta_disable_footer":"","neve_meta_disable_title":"on","footnotes":""},"class_list":["post-7","page","type-page","status-publish","hentry"],"_links":{"self":[{"href":"https:\/\/tgasai.pl\/index.php?rest_route=\/wp\/v2\/pages\/7","targetHints":{"allow":["GET"]}}],"collection":[{"href":"https:\/\/tgasai.pl\/index.php?rest_route=\/wp\/v2\/pages"}],"about":[{"href":"https:\/\/tgasai.pl\/index.php?rest_route=\/wp\/v2\/types\/page"}],"author":[{"embeddable":true,"href":"https:\/\/tgasai.pl\/index.php?rest_route=\/wp\/v2\/users\/1"}],"replies":[{"embeddable":true,"href":"https:\/\/tgasai.pl\/index.php?rest_route=%2Fwp%2Fv2%2Fcomments&post=7"}],"version-history":[{"count":10,"href":"https:\/\/tgasai.pl\/index.php?rest_route=\/wp\/v2\/pages\/7\/revisions"}],"predecessor-version":[{"id":62,"href":"https:\/\/tgasai.pl\/index.php?rest_route=\/wp\/v2\/pages\/7\/revisions\/62"}],"wp:attachment":[{"href":"https:\/\/tgasai.pl\/index.php?rest_route=%2Fwp%2Fv2%2Fmedia&parent=7"}],"curies":[{"name":"wp","href":"https:\/\/api.w.org\/{rel}","templated":true}]}}